{"id":441,"date":"2025-11-20T16:11:01","date_gmt":"2025-11-20T16:11:01","guid":{"rendered":"https:\/\/msdr.cloud\/?page_id=441"},"modified":"2026-01-15T14:39:38","modified_gmt":"2026-01-15T14:39:38","slug":"richiedi-una-demo","status":"publish","type":"page","link":"https:\/\/msdr.cloud\/it\/richiedi-una-demo\/","title":{"rendered":"Demo"},"content":{"rendered":"<p><div class=\"fusion-fullwidth fullwidth-box fusion-builder-row-1 fusion-flex-container nonhundred-percent-fullwidth non-hundred-percent-height-scrolling\" style=\"--awb-border-radius-top-left:0px;--awb-border-radius-top-right:0px;--awb-border-radius-bottom-right:0px;--awb-border-radius-bottom-left:0px;--awb-padding-bottom:0px;--awb-margin-bottom:0px;--awb-background-image:radial-gradient(circle at center bottom, #bfbfbf 42%,#ffffff 65%);--awb-flex-wrap:wrap;\" ><div class=\"fusion-builder-row fusion-row fusion-flex-align-items-flex-start fusion-flex-content-wrap\" style=\"max-width:1185.6px;margin-left: calc(-4% \/ 2 );margin-right: calc(-4% \/ 2 );\"><div class=\"fusion-layout-column fusion_builder_column fusion-builder-column-0 fusion_builder_column_1_1 1_1 fusion-flex-column fusion-flex-align-self-flex-end\" style=\"--awb-bg-size:cover;--awb-width-large:100%;--awb-margin-top-large:0px;--awb-spacing-right-large:1.92%;--awb-margin-bottom-large:1px;--awb-spacing-left-large:1.92%;--awb-width-medium:100%;--awb-spacing-right-medium:1.92%;--awb-spacing-left-medium:1.92%;--awb-width-small:100%;--awb-spacing-right-small:1.92%;--awb-spacing-left-small:1.92%;\"><div class=\"fusion-column-wrapper fusion-column-has-shadow fusion-flex-justify-content-flex-start fusion-content-layout-column\"><div class=\"fusion-title title fusion-title-1 fusion-sep-none fusion-title-center fusion-title-text fusion-title-size-one\" style=\"--awb-margin-bottom-small:0px;\"><h1 class=\"fusion-title-heading title-heading-center fusion-responsive-typography-calculated\" style=\"margin:0;--fontSize:40;line-height:var(--awb-typography1-line-height);\">Proxmox Multisite Disaster Recovery<\/h1><\/div><div style=\"text-align:center;\"><a class=\"fusion-button button-flat fusion-button-default-size button-custom fusion-button-default button-1 fusion-button-default-span fusion-button-default-type\" style=\"--button_accent_color:var(--awb-color1);--button_accent_hover_color:var(--awb-color1);--button_border_hover_color:var(--awb-color1);--button_gradient_top_color:var(--awb-color5);--button_gradient_bottom_color:var(--awb-color5);--button_gradient_top_color_hover:hsla(var(--awb-color5-h),calc(var(--awb-color5-s) - 5%),calc(var(--awb-color5-l) - 10%),var(--awb-color5-a));--button_gradient_bottom_color_hover:hsla(var(--awb-color5-h),calc(var(--awb-color5-s) - 5%),calc(var(--awb-color5-l) - 10%),var(--awb-color5-a));--button_typography-font-family:&quot;Questrial&quot;;--button_typography-font-style:normal;--button_typography-font-weight:400;--button_margin-bottom:20px;\" target=\"_self\" href=\"#prenota\"><i class=\"fa-angle-double-down fas awb-button__icon awb-button__icon--default button-icon-left\" aria-hidden=\"true\"><\/i><span class=\"fusion-button-text awb-button__text awb-button__text--default\">Richiedi una demo oggi<\/span><\/a><\/div><div class=\"fusion-video fusion-selfhosted-video\" style=\"margin-bottom:0px;max-width:1080;\"><div class=\"video-wrapper\"><video playsinline=\"true\" width=\"100%\" style=\"object-fit: cover;\" autoplay=\"true\" muted=\"true\" loop=\"true\" preload=\"auto\"><source src=\"https:\/\/msdr.cloud\/wp-content\/uploads\/2025\/12\/MSDR-Demo.mp4\" type=\"video\/mp4\">Sorry, your browser doesn&#039;t support embedded videos.<\/video><\/div><\/div><\/div><\/div><\/div><\/div><div id=\"prenota\" class=\"fusion-container-anchor\"><div class=\"fusion-fullwidth fullwidth-box fusion-builder-row-2 fusion-flex-container nonhundred-percent-fullwidth non-hundred-percent-height-scrolling\" style=\"--awb-border-radius-top-left:0px;--awb-border-radius-top-right:0px;--awb-border-radius-bottom-right:0px;--awb-border-radius-bottom-left:0px;--awb-padding-top:30px;--awb-padding-bottom:30px;--awb-background-color:var(--awb-color1);--awb-flex-wrap:wrap;\" ><div class=\"fusion-builder-row fusion-row fusion-flex-align-items-flex-start fusion-flex-content-wrap\" style=\"max-width:1185.6px;margin-left: calc(-4% \/ 2 );margin-right: calc(-4% \/ 2 );\"><div class=\"fusion-layout-column fusion_builder_column fusion-builder-column-1 fusion_builder_column_1_2 1_2 fusion-flex-column\" style=\"--awb-bg-size:cover;--awb-width-large:50%;--awb-margin-top-large:0px;--awb-spacing-right-large:3.84%;--awb-margin-bottom-large:20px;--awb-spacing-left-large:3.84%;--awb-width-medium:50%;--awb-spacing-right-medium:3.84%;--awb-spacing-left-medium:3.84%;--awb-width-small:100%;--awb-spacing-right-small:1.92%;--awb-spacing-left-small:1.92%;\"><div class=\"fusion-column-wrapper fusion-column-has-shadow fusion-flex-justify-content-flex-start fusion-content-layout-column\"><div class=\"fusion-title title fusion-title-2 fusion-sep-none fusion-title-text fusion-title-size-two\" style=\"--awb-margin-bottom-small:0px;\"><h2 class=\"fusion-title-heading title-heading-left fusion-responsive-typography-calculated\" style=\"margin:0;--fontSize:17;--minFontSize:17;line-height:var(--awb-typography1-line-height);\">Come valutare MSDR<\/h2><\/div><div class=\"fusion-text fusion-text-1\"><p data-start=\"152\" data-end=\"589\"><span style=\"background-color: rgba(0, 0, 0, 0);\">La valutazione di <\/span><strong style=\"background-color: rgba(0, 0, 0, 0);\" data-start=\"170\" data-end=\"213\">MSDR (Multisite Secure Disaster Recovery)<\/strong><span style=\"background-color: rgba(0, 0, 0, 0);\"> pu\u00f2 essere effettuata attraverso diversi strumenti e attivit\u00e0 mirate, pensate per aiutare il cliente a comprendere a fondo funzionalit\u00e0, benefici e requisiti della soluzione.<\/span><\/p>\n<p data-start=\"152\" data-end=\"589\">Sono disponibili <strong data-start=\"406\" data-end=\"431\">video tecnici pratici<\/strong>, <strong data-start=\"433\" data-end=\"465\">sessioni dimostrative remote<\/strong> e <strong data-start=\"468\" data-end=\"494\">incontri di prevendita<\/strong> con i nostri specialisti certificati, cos\u00ec da offrire un\u2019esperienza completa e personalizzata.<\/p>\n<p data-end=\"626\" data-start=\"591\">Il processo di valutazione include:<\/p>\n<ul data-start=\"628\" data-end=\"1295\">\n<li data-start=\"628\" data-end=\"733\">\n<p data-start=\"630\" data-end=\"733\"><strong data-start=\"630\" data-end=\"677\">Raccolta dei requisiti tecnici e funzionali<\/strong>, con analisi approfondita dell\u2019ambiente IT esistente.<\/p>\n<\/li>\n<li data-start=\"734\" data-end=\"879\">\n<p data-start=\"736\" data-end=\"879\"><strong data-start=\"736\" data-end=\"775\">Dimensionamento dell\u2019infrastruttura<\/strong> in base ai carichi di lavoro, ai livelli di servizio attesi e agli obiettivi di continuit\u00e0 operativa.<\/p>\n<\/li>\n<li data-start=\"880\" data-end=\"1029\">\n<p data-start=\"882\" data-end=\"1029\"><strong data-start=\"882\" data-end=\"908\">Proof-of-Concept (PoC)<\/strong> su uno scenario rappresentativo dell\u2019infrastruttura del cliente, per verificare sul campo prestazioni e compatibilit\u00e0.<\/p>\n<\/li>\n<li data-start=\"1030\" data-end=\"1176\">\n<p data-start=\"1032\" data-end=\"1176\"><strong data-start=\"1032\" data-end=\"1060\">Validazione di RPO e RTO<\/strong>, per assicurare che i tempi di ripristino e gli obiettivi di perdita dei dati rientrino negli standard richiesti.<\/p>\n<\/li>\n<li data-start=\"1177\" data-end=\"1295\">\n<p data-start=\"1179\" data-end=\"1295\"><strong data-start=\"1179\" data-end=\"1218\">Test di connettivit\u00e0 e integrazione<\/strong>, per garantire una comunicazione sicura ed efficiente con i sistemi critici.<\/p>\n<\/li>\n<\/ul>\n<p data-end=\"1509\" data-is-last-node=\"\" data-is-only-node=\"\" data-start=\"1297\">Grazie a questo approccio strutturato, la valutazione di MSDR permette di identificare rapidamente il valore della soluzione in termini di sicurezza, resilienza e ottimizzazione dei processi di Disaster Recovery.<\/p>\n<\/div><\/div><\/div><div class=\"fusion-layout-column fusion_builder_column fusion-builder-column-2 fusion_builder_column_1_2 1_2 fusion-flex-column\" style=\"--awb-padding-top:30px;--awb-padding-right:30px;--awb-padding-bottom:30px;--awb-padding-left:30px;--awb-bg-color:var(--awb-color1);--awb-bg-color-hover:var(--awb-color1);--awb-bg-size:cover;--awb-width-large:50%;--awb-margin-top-large:0px;--awb-spacing-right-large:3.84%;--awb-margin-bottom-large:20px;--awb-spacing-left-large:3.84%;--awb-width-medium:50%;--awb-spacing-right-medium:3.84%;--awb-spacing-left-medium:3.84%;--awb-width-small:100%;--awb-spacing-right-small:1.92%;--awb-spacing-left-small:1.92%;\"><div class=\"fusion-column-wrapper fusion-column-has-shadow fusion-flex-justify-content-flex-start fusion-content-layout-column\"><div class=\"fusion-title title fusion-title-3 fusion-sep-none fusion-title-center fusion-title-text fusion-title-size-three\" style=\"--awb-margin-bottom-small:0px;\"><h3 class=\"fusion-title-heading title-heading-center fusion-responsive-typography-calculated\" style=\"margin:0;--fontSize:26;line-height:var(--awb-typography1-line-height);\">Prenota la tua demo personalizzata<\/h3><\/div><script charset=\"utf-8\" type=\"text\/javascript\" src=\"\/\/js.hsforms.net\/forms\/embed\/v2.js\"><\/script>\n<script>\n  hbspt.forms.create({\n    portalId: \"20176742\",\n    formId: \"5128bdad-e9f6-46f6-b152-6ccca62b4e1d\",\n    region: \"na1\"\n  });\n<\/script><\/div><\/div><\/div><\/div><\/div><\/p>\n","protected":false},"excerpt":{"rendered":"","protected":false},"author":1,"featured_media":0,"parent":0,"menu_order":0,"comment_status":"closed","ping_status":"closed","template":"100-width.php","meta":{"footnotes":""},"class_list":["post-441","page","type-page","status-publish","hentry"],"_links":{"self":[{"href":"https:\/\/msdr.cloud\/it\/wp-json\/wp\/v2\/pages\/441","targetHints":{"allow":["GET"]}}],"collection":[{"href":"https:\/\/msdr.cloud\/it\/wp-json\/wp\/v2\/pages"}],"about":[{"href":"https:\/\/msdr.cloud\/it\/wp-json\/wp\/v2\/types\/page"}],"author":[{"embeddable":true,"href":"https:\/\/msdr.cloud\/it\/wp-json\/wp\/v2\/users\/1"}],"replies":[{"embeddable":true,"href":"https:\/\/msdr.cloud\/it\/wp-json\/wp\/v2\/comments?post=441"}],"version-history":[{"count":85,"href":"https:\/\/msdr.cloud\/it\/wp-json\/wp\/v2\/pages\/441\/revisions"}],"predecessor-version":[{"id":1367,"href":"https:\/\/msdr.cloud\/it\/wp-json\/wp\/v2\/pages\/441\/revisions\/1367"}],"wp:attachment":[{"href":"https:\/\/msdr.cloud\/it\/wp-json\/wp\/v2\/media?parent=441"}],"curies":[{"name":"wp","href":"https:\/\/api.w.org\/{rel}","templated":true}]}}